{"id":8840,"date":"2024-12-28T16:07:04","date_gmt":"2024-12-28T15:07:04","guid":{"rendered":"https:\/\/saunaboat-lugano.ch\/opzioni-aggiuntive\/"},"modified":"2026-01-28T12:54:35","modified_gmt":"2026-01-28T11:54:35","slug":"opzioni-aggiuntive","status":"publish","type":"page","link":"https:\/\/saunaboat-lugano.ch\/it\/opzioni-aggiuntive\/","title":{"rendered":"Opzioni aggiuntive"},"content":{"rendered":"<p><div class=\"fusion-fullwidth fullwidth-box fusion-builder-row-1 fusion-flex-container has-pattern-background has-mask-background nonhundred-percent-fullwidth non-hundred-percent-height-scrolling\" style=\"--awb-border-radius-top-left:0px;--awb-border-radius-top-right:0px;--awb-border-radius-bottom-right:0px;--awb-border-radius-bottom-left:0px;--awb-padding-top:90px;--awb-padding-bottom:90px;--awb-background-color:#ffefea;--awb-flex-wrap:wrap;\" ><div class=\"fusion-builder-row fusion-row fusion-flex-align-items-flex-start fusion-flex-content-wrap\" style=\"max-width:1248px;margin-left: calc(-4% \/ 2 );margin-right: calc(-4% \/ 2 );\"><div class=\"fusion-layout-column fusion_builder_column fusion-builder-column-0 fusion_builder_column_2_3 2_3 fusion-flex-column\" style=\"--awb-bg-size:cover;--awb-width-large:66.6666666667%;--awb-margin-top-large:0px;--awb-spacing-right-large:2.88%;--awb-margin-bottom-large:0px;--awb-spacing-left-large:2.88%;--awb-width-medium:66.6666666667%;--awb-order-medium:0;--awb-spacing-right-medium:2.88%;--awb-spacing-left-medium:2.88%;--awb-width-small:100%;--awb-order-small:0;--awb-spacing-right-small:1.92%;--awb-spacing-left-small:1.92%;\"><div class=\"fusion-column-wrapper fusion-column-has-shadow fusion-flex-justify-content-flex-start fusion-content-layout-column\"><div class=\"fusion-title title fusion-title-1 fusion-sep-none fusion-title-text fusion-title-size-one\" style=\"--awb-text-color:var(--awb-color8);--awb-margin-top-small:10px;--awb-margin-right-small:0px;--awb-margin-bottom-small:10px;--awb-margin-left-small:0px;\"><h1 class=\"fusion-title-heading title-heading-left fusion-responsive-typography-calculated\" style=\"font-family:var(--awb-typography1-font-family);font-weight:var(--awb-typography1-font-weight);font-style:var(--awb-typography1-font-style);margin:0;text-transform:var(--awb-typography1-text-transform);--fontSize:32;line-height:var(--awb-typography2-line-height);\">Rendi perfetto il tuo time-out in sauna!<\/h1><\/div><div class=\"fusion-text fusion-text-1 center\" style=\"--awb-content-alignment:left;--awb-text-color:var(--awb-color8);\"><p>\u00c8 sufficiente prenotare ulteriori extra come accappatoi, set di asciugamani per la sauna o t\u00e8 riscaldanti per godersi il puro relax sul Lago di Lugano. Riceverai tutti gli extra direttamente il giorno del noleggio: basta selezionarli e rilassarsi! <\/p>\n<p>Cliccando sul rispettivo pulsante &#8220;AGGIUNGI ALLA PRENOTAZIONE&#8221;, stabilisci la quantit\u00e0. La quantit\u00e0 pu\u00f2 essere modificata in un secondo momento nel carrello.<\/p>\n<\/div><\/div><\/div><\/div><\/div><div class=\"fusion-fullwidth fullwidth-box fusion-builder-row-2 fusion-flex-container has-pattern-background has-mask-background nonhundred-percent-fullwidth non-hundred-percent-height-scrolling\" style=\"--awb-border-radius-top-left:0px;--awb-border-radius-top-right:0px;--awb-border-radius-bottom-right:0px;--awb-border-radius-bottom-left:0px;--awb-padding-bottom:90px;--awb-background-color:#ffefea;--awb-flex-wrap:wrap;\" ><div class=\"fusion-builder-row fusion-row fusion-flex-align-items-flex-start fusion-flex-content-wrap\" style=\"max-width:1248px;margin-left: calc(-4% \/ 2 );margin-right: calc(-4% \/ 2 );\"><div class=\"fusion-layout-column fusion_builder_column fusion-builder-column-1 fusion_builder_column_1_1 1_1 fusion-flex-column\" style=\"--awb-bg-size:cover;--awb-width-large:100%;--awb-margin-top-large:0px;--awb-spacing-right-large:1.92%;--awb-margin-bottom-large:0px;--awb-spacing-left-large:1.92%;--awb-width-medium:100%;--awb-order-medium:0;--awb-spacing-right-medium:1.92%;--awb-spacing-left-medium:1.92%;--awb-width-small:100%;--awb-order-small:0;--awb-spacing-right-small:1.92%;--awb-spacing-left-small:1.92%;\"><div class=\"fusion-column-wrapper fusion-column-has-shadow fusion-flex-justify-content-flex-start fusion-content-layout-column\"><div class=\"fusion-post-cards fusion-post-cards-1 fusion-grid-archive fusion-grid-columns-2\" style=\"--awb-column-spacing:30px;--awb-dots-align:center;--awb-columns:2;--awb-filters-color:var(--awb-color4);--awb-active-filter-border-size:3px;--awb-filters-height:36px;--awb-row-spacing:30px;--awb-margin-bottom:60px;\" data-post-type-label=\"prodotti\"><ul class=\"fusion-grid fusion-grid-2 fusion-flex-align-items-stretch fusion-grid-posts-cards\"><li class=\"fusion-layout-column fusion_builder_column fusion-builder-column-2 fusion-flex-column post-card fusion-grid-column fusion-post-cards-grid-column product-grid-view product type-product\" style=\"--awb-bg-blend:overlay;--awb-bg-size:cover;--awb-flex-grow:0;--awb-flex-shrink:0;--awb-flex-grow-medium:0;--awb-flex-shrink-medium:0;--awb-flex-grow-small:0;--awb-flex-shrink-small:0;\" data-scroll-devices=\"small-visibility,medium-visibility,large-visibility\"><div class=\"fusion-column-wrapper fusion-column-has-shadow fusion-flex-justify-content-flex-start fusion-content-layout-column\"><div class=\"fusion-builder-row fusion-builder-row-inner fusion-row fusion-flex-align-items-flex-start fusion-flex-content-wrap\" style=\"--awb-flex-grow:0;--awb-flex-grow-medium:0;--awb-flex-grow-small:0;--awb-flex-shrink:0;--awb-flex-shrink-medium:0;--awb-flex-shrink-small:0;width:104% !important;max-width:104% !important;margin-left: calc(-4% \/ 2 );margin-right: calc(-4% \/ 2 );\"><div class=\"fusion-layout-column fusion_builder_column_inner fusion-builder-nested-column-0 fusion_builder_column_inner_1_3 1_3 fusion-flex-column fusion-flex-align-self-stretch\" style=\"--awb-bg-size:cover;--awb-width-large:33.3333333333%;--awb-margin-top-large:0px;--awb-spacing-right-large:5.76%;--awb-margin-bottom-large:0px;--awb-spacing-left-large:5.76%;--awb-width-medium:33.3333333333%;--awb-order-medium:0;--awb-spacing-right-medium:5.76%;--awb-spacing-left-medium:5.76%;--awb-width-small:100%;--awb-order-small:0;--awb-spacing-right-small:1.92%;--awb-spacing-left-small:1.92%;\" data-scroll-devices=\"small-visibility,medium-visibility,large-visibility\"><div class=\"fusion-column-wrapper lazyload fusion-column-has-shadow fusion-flex-justify-content-flex-start fusion-content-layout-column fusion-empty-column-bg-image fusion-column-has-bg-image\" data-bg-url=\"https:\/\/saunaboat-lugano.ch\/wp-content\/uploads\/sites\/5\/2026\/01\/Handtuchset-SB-Lugano.jpg\" data-bg=\"https:\/\/saunaboat-lugano.ch\/wp-content\/uploads\/sites\/5\/2026\/01\/Handtuchset-SB-Lugano.jpg\"><img decoding=\"async\" class=\"fusion-empty-dims-img-placeholder\" aria-label=\"Set di asciugamani Sauna Boat Lugano\" src=\"data:image\/svg+xml,%3Csvg%20xmlns%3D%27http%3A%2F%2Fwww.w3.org%2F2000%2Fsvg%27%20width%3D%271280%27%20height%3D%271280%27%20viewBox%3D%270%200%201280%201280%27%3E%3Crect%20width%3D%271280%27%20height%3D%271280%27%20fill-opacity%3D%220%22%2F%3E%3C%2Fsvg%3E\"><\/div><\/div><div class=\"fusion-layout-column fusion_builder_column_inner fusion-builder-nested-column-1 fusion_builder_column_inner_2_3 2_3 fusion-flex-column fusion-flex-align-self-stretch\" style=\"--awb-padding-top:10px;--awb-padding-right:10px;--awb-padding-bottom:10px;--awb-bg-size:cover;--awb-width-large:66.6666666667%;--awb-margin-top-large:0px;--awb-spacing-right-large:2.88%;--awb-margin-bottom-large:0px;--awb-spacing-left-large:2.88%;--awb-width-medium:66.6666666667%;--awb-order-medium:0;--awb-spacing-right-medium:2.88%;--awb-spacing-left-medium:2.88%;--awb-width-small:100%;--awb-order-small:0;--awb-spacing-right-small:1.92%;--awb-spacing-left-small:1.92%;\" data-scroll-devices=\"small-visibility,medium-visibility,large-visibility\"><div class=\"fusion-column-wrapper fusion-column-has-shadow fusion-flex-justify-content-flex-start fusion-content-layout-column\"><div class=\"fusion-title title fusion-title-2 fusion-sep-none fusion-title-text fusion-title-size-three\" style=\"--awb-text-color:var(--awb-color8);--awb-margin-bottom:5px;--awb-margin-top-small:10px;--awb-margin-right-small:0px;--awb-margin-bottom-small:10px;--awb-margin-left-small:0px;--awb-font-size:22px;\"><h3 class=\"fusion-title-heading title-heading-left fusion-responsive-typography-calculated\" style=\"font-family:&quot;Bricolage Grotesque&quot;;font-style:normal;font-weight:600;margin:0;letter-spacing:0.01px;font-size:1em;--fontSize:22;line-height:1.1;\">Set di asciugamani per sauna<\/h3><\/div><div class=\"fusion-content-tb fusion-content-tb-1\" style=\"--awb-text-color:var(--awb-color8);--awb-font-size:var(--awb-custom_typography_1-font-size);--awb-letter-spacing:var(--awb-custom_typography_1-letter-spacing);--awb-content-alignment:left;--awb-line-height:var(--awb-custom_typography_1-line-height);--awb-text-transform:var(--awb-custom_typography_1-text-transform);--awb-text-font-family:var(--awb-custom_typography_1-font-family);--awb-text-font-weight:var(--awb-custom_typography_1-font-weight);--awb-text-font-style:var(--awb-custom_typography_1-font-style);\"><p>Consiste in due grandi asciugamani: uno per asciugarsi, l&#8217;altro per sedersi. Entrambi devono essere lasciati o restituiti al termine del viaggio. <\/p>\n<\/div><div class=\"fusion-text fusion-text-2 fusion-text-no-margin\" style=\"--awb-font-size:22px;--awb-line-height:1.1;--awb-letter-spacing:0.01em;--awb-text-transform:var(--awb-typography3-text-transform);--awb-text-color:var(--awb-color8);--awb-margin-top:auto;--awb-margin-bottom:15px;--awb-text-font-family:&quot;Bricolage Grotesque&quot;;--awb-text-font-style:normal;--awb-text-font-weight:600;\"><p><span class=\"woocommerce-Price-amount amount\"><bdi><span class=\"woocommerce-Price-currencySymbol\">&#67;&#72;&#70;<\/span>&nbsp;8,00<\/bdi><\/span>&nbsp;<span class=\"addon-text-small\">IVA inclusa. <\/span><\/p>\n<\/div><div ><a class=\"fusion-button button-flat button-small button-default fusion-button-default button-1 fusion-button-default-span fusion-button-default-type\" style=\"--awb-margin-top:0px;--awb-margin-right:0px;--awb-margin-bottom:0px;--awb-margin-left:0px;--button_text_transform:none;\" target=\"_self\"><span class=\"fusion-button-text awb-button__text awb-button__text--default\">Aggiungi alla prenotazione<\/span><\/a><\/div><\/div><\/div><div class=\"fusion-layout-column fusion_builder_column_inner fusion-builder-nested-column-2 fusion_builder_column_inner_1_6 1_6 fusion-flex-column\" style=\"--awb-z-index:2;--awb-absolute-top:0px;--awb-absolute-left:5px;--awb-container-position:absolute;--awb-bg-size:cover;--awb-width-large:16.6666666667%;--awb-margin-top-large:0px;--awb-spacing-right-large:11.52%;--awb-margin-bottom-large:0px;--awb-spacing-left-large:11.52%;--awb-width-medium:16.6666666667%;--awb-order-medium:0;--awb-spacing-right-medium:11.52%;--awb-spacing-left-medium:11.52%;--awb-width-small:100%;--awb-order-small:0;--awb-spacing-right-small:1.92%;--awb-spacing-left-small:1.92%;\" data-scroll-devices=\"small-visibility,medium-visibility,large-visibility\"><div class=\"fusion-column-wrapper fusion-column-has-shadow fusion-flex-justify-content-flex-start fusion-content-layout-column\"><div class=\"fusion-text fusion-text-3\" style=\"--awb-text-color:var(--awb-color8);\"><div class='addon-cart-counter'>    <span class=\"wc-product-cart-quantity\" data-product-id=\"9044\">\n        0    <\/span>\n    <\/div>\n<\/div><\/div><\/div><\/div><\/div><\/li>\n<li class=\"fusion-layout-column fusion_builder_column fusion-builder-column-3 fusion-flex-column post-card fusion-grid-column fusion-post-cards-grid-column product-grid-view product type-product\" style=\"--awb-bg-blend:overlay;--awb-bg-size:cover;--awb-flex-grow:0;--awb-flex-shrink:0;--awb-flex-grow-medium:0;--awb-flex-shrink-medium:0;--awb-flex-grow-small:0;--awb-flex-shrink-small:0;\" data-scroll-devices=\"small-visibility,medium-visibility,large-visibility\"><div class=\"fusion-column-wrapper fusion-column-has-shadow fusion-flex-justify-content-flex-start fusion-content-layout-column\"><div class=\"fusion-builder-row fusion-builder-row-inner fusion-row fusion-flex-align-items-flex-start fusion-flex-content-wrap\" style=\"--awb-flex-grow:0;--awb-flex-grow-medium:0;--awb-flex-grow-small:0;--awb-flex-shrink:0;--awb-flex-shrink-medium:0;--awb-flex-shrink-small:0;width:104% !important;max-width:104% !important;margin-left: calc(-4% \/ 2 );margin-right: calc(-4% \/ 2 );\"><div class=\"fusion-layout-column fusion_builder_column_inner fusion-builder-nested-column-3 fusion_builder_column_inner_1_3 1_3 fusion-flex-column fusion-flex-align-self-stretch\" style=\"--awb-bg-size:cover;--awb-width-large:33.3333333333%;--awb-margin-top-large:0px;--awb-spacing-right-large:5.76%;--awb-margin-bottom-large:0px;--awb-spacing-left-large:5.76%;--awb-width-medium:33.3333333333%;--awb-order-medium:0;--awb-spacing-right-medium:5.76%;--awb-spacing-left-medium:5.76%;--awb-width-small:100%;--awb-order-small:0;--awb-spacing-right-small:1.92%;--awb-spacing-left-small:1.92%;\" data-scroll-devices=\"small-visibility,medium-visibility,large-visibility\"><div class=\"fusion-column-wrapper lazyload fusion-column-has-shadow fusion-flex-justify-content-flex-start fusion-content-layout-column fusion-empty-column-bg-image fusion-column-has-bg-image\" data-bg-url=\"https:\/\/saunaboat-lugano.ch\/wp-content\/uploads\/sites\/5\/2026\/01\/Bademantel-SB-Lugano.jpg\" data-bg=\"https:\/\/saunaboat-lugano.ch\/wp-content\/uploads\/sites\/5\/2026\/01\/Bademantel-SB-Lugano.jpg\"><img decoding=\"async\" class=\"fusion-empty-dims-img-placeholder\" aria-label=\"Accappatoio Sauna Boat Lugano\" src=\"data:image\/svg+xml,%3Csvg%20xmlns%3D%27http%3A%2F%2Fwww.w3.org%2F2000%2Fsvg%27%20width%3D%271280%27%20height%3D%271280%27%20viewBox%3D%270%200%201280%201280%27%3E%3Crect%20width%3D%271280%27%20height%3D%271280%27%20fill-opacity%3D%220%22%2F%3E%3C%2Fsvg%3E\"><\/div><\/div><div class=\"fusion-layout-column fusion_builder_column_inner fusion-builder-nested-column-4 fusion_builder_column_inner_2_3 2_3 fusion-flex-column fusion-flex-align-self-stretch\" style=\"--awb-padding-top:10px;--awb-padding-right:10px;--awb-padding-bottom:10px;--awb-bg-size:cover;--awb-width-large:66.6666666667%;--awb-margin-top-large:0px;--awb-spacing-right-large:2.88%;--awb-margin-bottom-large:0px;--awb-spacing-left-large:2.88%;--awb-width-medium:66.6666666667%;--awb-order-medium:0;--awb-spacing-right-medium:2.88%;--awb-spacing-left-medium:2.88%;--awb-width-small:100%;--awb-order-small:0;--awb-spacing-right-small:1.92%;--awb-spacing-left-small:1.92%;\" data-scroll-devices=\"small-visibility,medium-visibility,large-visibility\"><div class=\"fusion-column-wrapper fusion-column-has-shadow fusion-flex-justify-content-flex-start fusion-content-layout-column\"><div class=\"fusion-title title fusion-title-3 fusion-sep-none fusion-title-text fusion-title-size-three\" style=\"--awb-text-color:var(--awb-color8);--awb-margin-bottom:5px;--awb-margin-top-small:10px;--awb-margin-right-small:0px;--awb-margin-bottom-small:10px;--awb-margin-left-small:0px;--awb-font-size:22px;\"><h3 class=\"fusion-title-heading title-heading-left fusion-responsive-typography-calculated\" style=\"font-family:&quot;Bricolage Grotesque&quot;;font-style:normal;font-weight:600;margin:0;letter-spacing:0.01px;font-size:1em;--fontSize:22;line-height:1.1;\">Accappatoio<\/h3><\/div><div class=\"fusion-content-tb fusion-content-tb-2\" style=\"--awb-text-color:var(--awb-color8);--awb-font-size:var(--awb-custom_typography_1-font-size);--awb-letter-spacing:var(--awb-custom_typography_1-letter-spacing);--awb-content-alignment:left;--awb-line-height:var(--awb-custom_typography_1-line-height);--awb-text-transform:var(--awb-custom_typography_1-text-transform);--awb-text-font-family:var(--awb-custom_typography_1-font-family);--awb-text-font-weight:var(--awb-custom_typography_1-font-weight);--awb-text-font-style:var(--awb-custom_typography_1-font-style);\"><p>Gli accappatoi prenotati devono essere lasciati sulla barca al termine dell&#8217;utilizzo. Se lo desideri, puoi naturalmente portare i tuoi. <\/p>\n<\/div><div class=\"fusion-text fusion-text-4 fusion-text-no-margin\" style=\"--awb-font-size:22px;--awb-line-height:1.1;--awb-letter-spacing:0.01em;--awb-text-transform:var(--awb-typography3-text-transform);--awb-text-color:var(--awb-color8);--awb-margin-top:auto;--awb-margin-bottom:15px;--awb-text-font-family:&quot;Bricolage Grotesque&quot;;--awb-text-font-style:normal;--awb-text-font-weight:600;\"><p><span class=\"woocommerce-Price-amount amount\"><bdi><span class=\"woocommerce-Price-currencySymbol\">&#67;&#72;&#70;<\/span>&nbsp;10,00<\/bdi><\/span>&nbsp;<span class=\"addon-text-small\">IVA inclusa. <\/span><\/p>\n<\/div><div ><a class=\"fusion-button button-flat button-small button-default fusion-button-default button-2 fusion-button-default-span fusion-button-default-type\" style=\"--awb-margin-top:0px;--awb-margin-right:0px;--awb-margin-bottom:0px;--awb-margin-left:0px;--button_text_transform:none;\" target=\"_self\"><span class=\"fusion-button-text awb-button__text awb-button__text--default\">Aggiungi alla prenotazione<\/span><\/a><\/div><\/div><\/div><div class=\"fusion-layout-column fusion_builder_column_inner fusion-builder-nested-column-5 fusion_builder_column_inner_1_6 1_6 fusion-flex-column\" style=\"--awb-z-index:2;--awb-absolute-top:0px;--awb-absolute-left:5px;--awb-container-position:absolute;--awb-bg-size:cover;--awb-width-large:16.6666666667%;--awb-margin-top-large:0px;--awb-spacing-right-large:11.52%;--awb-margin-bottom-large:0px;--awb-spacing-left-large:11.52%;--awb-width-medium:16.6666666667%;--awb-order-medium:0;--awb-spacing-right-medium:11.52%;--awb-spacing-left-medium:11.52%;--awb-width-small:100%;--awb-order-small:0;--awb-spacing-right-small:1.92%;--awb-spacing-left-small:1.92%;\" data-scroll-devices=\"small-visibility,medium-visibility,large-visibility\"><div class=\"fusion-column-wrapper fusion-column-has-shadow fusion-flex-justify-content-flex-start fusion-content-layout-column\"><div class=\"fusion-text fusion-text-5\" style=\"--awb-text-color:var(--awb-color8);\"><div class='addon-cart-counter'>    <span class=\"wc-product-cart-quantity\" data-product-id=\"9048\">\n        0    <\/span>\n    <\/div>\n<\/div><\/div><\/div><\/div><\/div><\/li>\n<\/ul><div class=\"pagination clearfix\"><\/div><div class=\"fusion-clearfix\"><\/div><\/div><div style=\"text-align:center;\"><a class=\"fusion-button button-flat button-xlarge button-default fusion-button-default button-3 fusion-button-default-span fusion-button-default-type\" target=\"_self\" data-hover=\"bg_slide_right\" href=\"https:\/\/saunaboat-lugano.ch\/it\/cassa\/\"><i class=\"fa-angle-right fas awb-button__icon awb-button__icon--default button-icon-left\" aria-hidden=\"true\"><\/i><span class=\"fusion-button-text awb-button__text awb-button__text--default\">Vai alla cassa<\/span><\/a><\/div><\/div><\/div><\/div><\/div><\/p>\n","protected":false},"excerpt":{"rendered":"","protected":false},"author":1,"featured_media":0,"parent":0,"menu_order":0,"comment_status":"closed","ping_status":"closed","template":"100-width.php","meta":{"_acf_changed":false,"footnotes":""},"class_list":["post-8840","page","type-page","status-publish","hentry"],"acf":[],"yoast_head":"<!-- This site is optimized with the Yoast SEO plugin v27.4 - https:\/\/yoast.com\/product\/yoast-seo-wordpress\/ -->\n<title>Opzioni aggiuntive - Saunaboat Lugano<\/title>\n<meta name=\"robots\" content=\"noindex, follow, max-snippet:-1, max-image-preview:large, max-video-preview:-1\" \/>\n<meta property=\"og:locale\" content=\"it_IT\" \/>\n<meta property=\"og:type\" content=\"article\" \/>\n<meta property=\"og:title\" content=\"Opzioni aggiuntive - Saunaboat Lugano\" \/>\n<meta property=\"og:url\" content=\"https:\/\/saunaboat-lugano.ch\/it\/opzioni-aggiuntive\/\" \/>\n<meta property=\"og:site_name\" content=\"Saunaboat Lugano\" \/>\n<meta property=\"article:modified_time\" content=\"2026-01-28T11:54:35+00:00\" \/>\n<meta name=\"twitter:card\" content=\"summary_large_image\" \/>\n<meta name=\"twitter:label1\" content=\"Tempo di lettura stimato\" \/>\n\t<meta name=\"twitter:data1\" content=\"15 minuti\" \/>\n<script type=\"application\/ld+json\" class=\"yoast-schema-graph\">{\"@context\":\"https:\\\/\\\/schema.org\",\"@graph\":[{\"@type\":\"WebPage\",\"@id\":\"https:\\\/\\\/saunaboat-lugano.ch\\\/it\\\/opzioni-aggiuntive\\\/\",\"url\":\"https:\\\/\\\/saunaboat-lugano.ch\\\/it\\\/opzioni-aggiuntive\\\/\",\"name\":\"Opzioni aggiuntive - Saunaboat Lugano\",\"isPartOf\":{\"@id\":\"https:\\\/\\\/saunaboat-lugano.ch\\\/it\\\/#website\"},\"datePublished\":\"2024-12-28T15:07:04+00:00\",\"dateModified\":\"2026-01-28T11:54:35+00:00\",\"breadcrumb\":{\"@id\":\"https:\\\/\\\/saunaboat-lugano.ch\\\/it\\\/opzioni-aggiuntive\\\/#breadcrumb\"},\"inLanguage\":\"it-IT\",\"potentialAction\":[{\"@type\":\"ReadAction\",\"target\":[\"https:\\\/\\\/saunaboat-lugano.ch\\\/it\\\/opzioni-aggiuntive\\\/\"]}]},{\"@type\":\"BreadcrumbList\",\"@id\":\"https:\\\/\\\/saunaboat-lugano.ch\\\/it\\\/opzioni-aggiuntive\\\/#breadcrumb\",\"itemListElement\":[{\"@type\":\"ListItem\",\"position\":1,\"name\":\"Startseite\",\"item\":\"https:\\\/\\\/saunaboat-lugano.ch\\\/it\\\/coming-soon\\\/\"},{\"@type\":\"ListItem\",\"position\":2,\"name\":\"Opzioni aggiuntive\"}]},{\"@type\":\"WebSite\",\"@id\":\"https:\\\/\\\/saunaboat-lugano.ch\\\/it\\\/#website\",\"url\":\"https:\\\/\\\/saunaboat-lugano.ch\\\/it\\\/\",\"name\":\"Saunaboat Lugano\",\"description\":\"Saunaboat sul Lago di Lugano\",\"publisher\":{\"@id\":\"https:\\\/\\\/saunaboat-lugano.ch\\\/it\\\/#organization\"},\"potentialAction\":[{\"@type\":\"SearchAction\",\"target\":{\"@type\":\"EntryPoint\",\"urlTemplate\":\"https:\\\/\\\/saunaboat-lugano.ch\\\/it\\\/?s={search_term_string}\"},\"query-input\":{\"@type\":\"PropertyValueSpecification\",\"valueRequired\":true,\"valueName\":\"search_term_string\"}}],\"inLanguage\":\"it-IT\"},{\"@type\":\"Organization\",\"@id\":\"https:\\\/\\\/saunaboat-lugano.ch\\\/it\\\/#organization\",\"name\":\"Saunaboat Lugano\",\"url\":\"https:\\\/\\\/saunaboat-lugano.ch\\\/it\\\/\",\"logo\":{\"@type\":\"ImageObject\",\"inLanguage\":\"it-IT\",\"@id\":\"https:\\\/\\\/saunaboat-lugano.ch\\\/it\\\/#\\\/schema\\\/logo\\\/image\\\/\",\"url\":\"https:\\\/\\\/saunaboat-lugano.ch\\\/wp-content\\\/uploads\\\/sites\\\/5\\\/2025\\\/10\\\/SaunaBoatGeneve-Logo-Blue.svg\",\"contentUrl\":\"https:\\\/\\\/saunaboat-lugano.ch\\\/wp-content\\\/uploads\\\/sites\\\/5\\\/2025\\\/10\\\/SaunaBoatGeneve-Logo-Blue.svg\",\"width\":341,\"height\":305,\"caption\":\"Saunaboat Lugano\"},\"image\":{\"@id\":\"https:\\\/\\\/saunaboat-lugano.ch\\\/it\\\/#\\\/schema\\\/logo\\\/image\\\/\"},\"sameAs\":[\"https:\\\/\\\/www.instagram.com\\\/saunaboatgeneve\\\/\"]}]}<\/script>\n<!-- \/ Yoast SEO plugin. -->","yoast_head_json":{"title":"Opzioni aggiuntive - Saunaboat Lugano","robots":{"index":"noindex","follow":"follow","max-snippet":"max-snippet:-1","max-image-preview":"max-image-preview:large","max-video-preview":"max-video-preview:-1"},"og_locale":"it_IT","og_type":"article","og_title":"Opzioni aggiuntive - Saunaboat Lugano","og_url":"https:\/\/saunaboat-lugano.ch\/it\/opzioni-aggiuntive\/","og_site_name":"Saunaboat Lugano","article_modified_time":"2026-01-28T11:54:35+00:00","twitter_card":"summary_large_image","twitter_misc":{"Tempo di lettura stimato":"15 minuti"},"schema":{"@context":"https:\/\/schema.org","@graph":[{"@type":"WebPage","@id":"https:\/\/saunaboat-lugano.ch\/it\/opzioni-aggiuntive\/","url":"https:\/\/saunaboat-lugano.ch\/it\/opzioni-aggiuntive\/","name":"Opzioni aggiuntive - Saunaboat Lugano","isPartOf":{"@id":"https:\/\/saunaboat-lugano.ch\/it\/#website"},"datePublished":"2024-12-28T15:07:04+00:00","dateModified":"2026-01-28T11:54:35+00:00","breadcrumb":{"@id":"https:\/\/saunaboat-lugano.ch\/it\/opzioni-aggiuntive\/#breadcrumb"},"inLanguage":"it-IT","potentialAction":[{"@type":"ReadAction","target":["https:\/\/saunaboat-lugano.ch\/it\/opzioni-aggiuntive\/"]}]},{"@type":"BreadcrumbList","@id":"https:\/\/saunaboat-lugano.ch\/it\/opzioni-aggiuntive\/#breadcrumb","itemListElement":[{"@type":"ListItem","position":1,"name":"Startseite","item":"https:\/\/saunaboat-lugano.ch\/it\/coming-soon\/"},{"@type":"ListItem","position":2,"name":"Opzioni aggiuntive"}]},{"@type":"WebSite","@id":"https:\/\/saunaboat-lugano.ch\/it\/#website","url":"https:\/\/saunaboat-lugano.ch\/it\/","name":"Saunaboat Lugano","description":"Saunaboat sul Lago di Lugano","publisher":{"@id":"https:\/\/saunaboat-lugano.ch\/it\/#organization"},"potentialAction":[{"@type":"SearchAction","target":{"@type":"EntryPoint","urlTemplate":"https:\/\/saunaboat-lugano.ch\/it\/?s={search_term_string}"},"query-input":{"@type":"PropertyValueSpecification","valueRequired":true,"valueName":"search_term_string"}}],"inLanguage":"it-IT"},{"@type":"Organization","@id":"https:\/\/saunaboat-lugano.ch\/it\/#organization","name":"Saunaboat Lugano","url":"https:\/\/saunaboat-lugano.ch\/it\/","logo":{"@type":"ImageObject","inLanguage":"it-IT","@id":"https:\/\/saunaboat-lugano.ch\/it\/#\/schema\/logo\/image\/","url":"https:\/\/saunaboat-lugano.ch\/wp-content\/uploads\/sites\/5\/2025\/10\/SaunaBoatGeneve-Logo-Blue.svg","contentUrl":"https:\/\/saunaboat-lugano.ch\/wp-content\/uploads\/sites\/5\/2025\/10\/SaunaBoatGeneve-Logo-Blue.svg","width":341,"height":305,"caption":"Saunaboat Lugano"},"image":{"@id":"https:\/\/saunaboat-lugano.ch\/it\/#\/schema\/logo\/image\/"},"sameAs":["https:\/\/www.instagram.com\/saunaboatgeneve\/"]}]}},"_links":{"self":[{"href":"https:\/\/saunaboat-lugano.ch\/it\/wp-json\/wp\/v2\/pages\/8840","targetHints":{"allow":["GET"]}}],"collection":[{"href":"https:\/\/saunaboat-lugano.ch\/it\/wp-json\/wp\/v2\/pages"}],"about":[{"href":"https:\/\/saunaboat-lugano.ch\/it\/wp-json\/wp\/v2\/types\/page"}],"author":[{"embeddable":true,"href":"https:\/\/saunaboat-lugano.ch\/it\/wp-json\/wp\/v2\/users\/1"}],"replies":[{"embeddable":true,"href":"https:\/\/saunaboat-lugano.ch\/it\/wp-json\/wp\/v2\/comments?post=8840"}],"version-history":[{"count":6,"href":"https:\/\/saunaboat-lugano.ch\/it\/wp-json\/wp\/v2\/pages\/8840\/revisions"}],"predecessor-version":[{"id":9659,"href":"https:\/\/saunaboat-lugano.ch\/it\/wp-json\/wp\/v2\/pages\/8840\/revisions\/9659"}],"wp:attachment":[{"href":"https:\/\/saunaboat-lugano.ch\/it\/wp-json\/wp\/v2\/media?parent=8840"}],"curies":[{"name":"wp","href":"https:\/\/api.w.org\/{rel}","templated":true}]}}