{"id":9083,"date":"2025-01-02T18:52:59","date_gmt":"2025-01-02T17:52:59","guid":{"rendered":"https:\/\/saunaboat-lugano.ch\/gtc\/"},"modified":"2026-02-23T10:54:16","modified_gmt":"2026-02-23T09:54:16","slug":"gtc","status":"publish","type":"page","link":"https:\/\/saunaboat-lugano.ch\/it\/gtc\/","title":{"rendered":"GTC"},"content":{"rendered":"<div class=\"fusion-fullwidth fullwidth-box fusion-builder-row-1 fusion-flex-container has-pattern-background has-mask-background nonhundred-percent-fullwidth non-hundred-percent-height-scrolling\" style=\"--awb-border-radius-top-left:0px;--awb-border-radius-top-right:0px;--awb-border-radius-bottom-right:0px;--awb-border-radius-bottom-left:0px;--awb-flex-wrap:wrap;\" ><div class=\"fusion-builder-row fusion-row fusion-flex-align-items-flex-start fusion-flex-content-wrap\" style=\"max-width:1248px;margin-left: calc(-4% \/ 2 );margin-right: calc(-4% \/ 2 );\"><div class=\"fusion-layout-column fusion_builder_column fusion-builder-column-0 fusion_builder_column_1_5 1_5 fusion-flex-column\" style=\"--awb-bg-size:cover;--awb-width-large:20%;--awb-margin-top-large:0px;--awb-spacing-right-large:9.6%;--awb-margin-bottom-large:0px;--awb-spacing-left-large:9.6%;--awb-width-medium:20%;--awb-order-medium:0;--awb-spacing-right-medium:9.6%;--awb-spacing-left-medium:9.6%;--awb-width-small:100%;--awb-order-small:0;--awb-spacing-right-small:1.92%;--awb-spacing-left-small:1.92%;\"><div class=\"fusion-column-wrapper fusion-column-has-shadow fusion-flex-justify-content-flex-start fusion-content-layout-column\"><\/div><\/div><div class=\"fusion-layout-column fusion_builder_column fusion-builder-column-1 fusion_builder_column_3_5 3_5 fusion-flex-column\" style=\"--awb-bg-size:cover;--awb-width-large:60%;--awb-margin-top-large:0px;--awb-spacing-right-large:3.2%;--awb-margin-bottom-large:0px;--awb-spacing-left-large:3.2%;--awb-width-medium:60%;--awb-order-medium:0;--awb-spacing-right-medium:3.2%;--awb-spacing-left-medium:3.2%;--awb-width-small:100%;--awb-order-small:0;--awb-spacing-right-small:1.92%;--awb-spacing-left-small:1.92%;\"><div class=\"fusion-column-wrapper fusion-column-has-shadow fusion-flex-justify-content-flex-start fusion-content-layout-column\"><div class=\"fusion-title title fusion-title-1 fusion-sep-none fusion-title-text fusion-title-size-one\" style=\"--awb-margin-top-small:10px;--awb-margin-right-small:0px;--awb-margin-bottom-small:10px;--awb-margin-left-small:0px;\"><h1 class=\"fusion-title-heading title-heading-left fusion-responsive-typography-calculated\" style=\"margin:0;--fontSize:32;line-height:var(--awb-typography2-line-height);\">Condizioni generali di contratto (CG) e informativa sulla privacy di Sauna Boat Lugano \u2028(Boatcenter Lugano)<\/h1><\/div><div class=\"fusion-text fusion-text-1\"><h4>1 Campo d&#8217;applicazione<\/h4>\n<p>Raccomandiamo di leggere attentamente le seguenti Condizioni Generali di Contratto. Le presenti Condizioni Generali (\u00abCG\u00bb) valgono, salvo accordi individuali esplicitamente diversi, per tutti i rapporti contrattuali tra il Locatario (e i suoi ospiti), di seguito anche \u00abClientela\u00bb e Sauna Boat Lugano (Boatcenter Lugano), di seguito anche \u00abLocatore\u00bb.<\/p>\n<p>I termini prenotazione o prenotare (o simili) sono da considerarsi equivalenti ai termini booking o book (o simili). Lo stesso vale per i termini oggetto a noleggio e barca a noleggio.<\/p>\n<p>Condizioni contrattuali della clientela che si discostano dalle presenti CG sono applicabili solo se riconosciute espressamente per iscritto dal locatore.<\/p>\n<\/div><div class=\"fusion-text fusion-text-2\"><h4>2 Accettazione<\/h4>\n<p>La clientela riconosce espressamente le presenti CG come parte integrante del contratto di noleggio, in particolare la responsabilit\u00e0 per eventuali danni causati dalla stessa all\u2019oggetto a noleggio o a beni di terzi, e si assicura di ricevere spiegazioni adeguate per l\u2019uso corretto dell\u2019oggetto a noleggio.<\/p>\n<\/div><div class=\"fusion-text fusion-text-3\"><h4>3 Inizio e fine del noleggio<\/h4>\n<p>Tutti i noleggi iniziano nel luogo concordato con il locatore e terminano non appena l\u2019oggetto a noleggio viene riconsegnato puntualmente nello stesso luogo, salvo accordi diversi. In caso di impossibilit\u00e0 a iniziare il noleggio o di una proroga imprevista, il locatore deve essere informata immediatamente.<br \/>Se l\u2019oggetto a noleggio non viene restituito entro l\u2019orario concordato, la clientela \u00e8 tenuta a pagare CHF 200.\u2013 per ogni ora iniziata di ritardo. Se il ritardo impedisce un successivo noleggio, la clientela deve risarcire l\u2019intera perdita di utilizzo (cfr. cifra 12).<\/p>\n<\/div><div class=\"fusion-text fusion-text-4\"><h4>4 Modifica o annullamento di una prenotazione\/ordine<\/h4>\n<p>Modifiche o annullamenti di una prenotazione\/ordine devono essere comunicati a Sauna Boat Lugano (Boatcenter Lugano) via e-mail e sono validi solo con conferma scritta da parte del locatore. Ai fini del calcolo della data di annullamento fa stato la presa di conoscenza dell\u2019e-mail da parte di Sauna Boat Lugano (Boatcenter Lugano).<\/p>\n<p>Un cambio di prenotazione verso un\u2019altra sede (ad es. Zurigo) \u00e8 considerato come nuova prenotazione; la prenotazione esistente \u00e8 soggetta ai termini di annullamento indicati ai punti 4.1 e 4.2, con i relativi costi.<\/p>\n<h4>4.1 Modifica o annullamento di una prenotazione per una Sauna Boat prenotato<\/h4>\n<p>La clientela ha il diritto di presentare un sostituto o una sostituta alle condizioni concordate con Sauna Boat Lugano (Boatcenter Lugano), qualora non possa partecipare.<\/p>\n<p>In caso di annullamento da parte della clientela, essa deve sostenere i costi di annullamento e le spese amministrative come segue.:<\/p>\n<\/div>\n<div class=\"table-1\" style=\"--awb-margin-bottom:30px;\">\n<table width=\"100%\">\n<thead>\n<tr>\n<th align=\"left\">Periodo di cancellazione prima dell&#8217;inizio della prenotazione<\/th>\n<th align=\"left\">Costi di cancellazione in %<\/th>\n<th align=\"left\">Costi di elaborazione<\/th>\n<\/tr>\n<\/thead>\n<tbody>\n<tr>\n<td align=\"left\">fino a 7 giorni<\/td>\n<td align=\"left\">gratuito<\/td>\n<td align=\"left\">CHF 30.00<\/td>\n<\/tr>\n<tr>\n<td align=\"left\">fino a 3 giorni<\/td>\n<td align=\"left\">10 %<\/td>\n<td align=\"left\">CHF 30.00<\/td>\n<\/tr>\n<tr>\n<td align=\"left\">fino a 1 giorni<\/td>\n<td align=\"left\">20 %<\/td>\n<td align=\"left\"> CHF 30.00<\/td>\n<\/tr>\n<tr>\n<td align=\"left\">0 giorni<\/td>\n<td align=\"left\">100 %<\/td>\n<td align=\"left\">nessuno<\/td>\n<\/tr>\n<\/tbody>\n<\/table>\n<\/div>\n<div class=\"fusion-text fusion-text-5\"><h4>4.2 Modifica o annullamento di un buono acquistato<\/h4>\n<p>Se un buono acquistato viene annullato dalla clientela, questa \u00e8 tenuta a sostenere i costi di annullamento e le spese amministrative come segue.<\/p>\n<\/div>\n<div class=\"table-1\" style=\"--awb-margin-bottom:30px;\">\n<table width=\"100%\">\n<thead>\n<tr>\n<th align=\"left\">Periodo di recesso dopo l&#8217;acquisto<\/th>\n<th align=\"left\">Costi di cancellazione in %<\/th>\n<th align=\"left\">Costi di elaborazione<\/th>\n<\/tr>\n<\/thead>\n<tbody>\n<tr>\n<td align=\"left\">24 ore<\/td>\n<td align=\"left\">gratuito<\/td>\n<td align=\"left\">gratuito<\/td>\n<\/tr>\n<tr>\n<td align=\"left\">fino a 14 giorni<\/td>\n<td align=\"left\">gratuito<\/td>\n<td align=\"left\">CHF 30.00<\/td>\n<\/tr>\n<tr>\n<td align=\"left\">dopo 14 giorni<\/td>\n<td align=\"left\">20 %<\/td>\n<td align=\"left\"> CHF 30.00<\/td>\n<\/tr>\n<\/tbody>\n<\/table>\n<\/div>\n<div class=\"fusion-text fusion-text-6\"><h4>5 Autorizzazione alla conduzione dell&#8217;oggetto a noleggio<\/h4>\n<p>La persona che firma il contratto di noleggio \u00e8 responsabile, in qualit\u00e0 di conducente dell\u2019imbarcazione, dell\u2019oggetto a noleggio. Per eventuali infrazioni alla navigazione o altre violazioni \u00e8 la clientela a rispondere integralmente. Il\/la conducente deve essere sempre pronto\/a a manovrare. Possono firmare il contratto pi\u00f9 persone, che rispondono quindi in solido per l\u2019imbarcazione.   <\/p>\n<p>Il\/la conducente deve essere maggiorenne. Bambini e minorenni sono sotto la responsabilit\u00e0 dei genitori o delle persone accompagnatrici. <\/p>\n<p>Conformemente all\u2019art. 40a dell\u2019Ordinanza sulla Navigazione Interna (RS 747.201.1), sulle acque svizzere non \u00e8 permesso condurre imbarcazioni da sport e da diporto con un tasso alcolemico superiore a 0,5 per mille. Tale limite vale per tutte le persone coinvolte nella conduzione dell\u2019imbarcazione.<\/p>\n<\/div><div class=\"fusion-text fusion-text-7\"><h4>6 Barca a noleggio<\/h4>\n<p>Il carburante fornito e la legna da ardere sono inclusi nel prezzo di noleggio. L\u2019imbarcazione viene consegnata in perfetto stato di funzionamento. La clientela si impegna a restituire l\u2019oggetto a noleggio nelle stesse condizioni in cui \u00e8 stato preso in consegna. Qualsiasi forma di sporcizia \u00e8 da evitare. In caso di sporcizia eccessiva, alla clientela verranno addebitati costi di pulizia supplementari di almeno CHF 300.\u2013 (deposito). La clientela rimane inoltre personalmente responsabile per tutti i costi di pulizia non coperti dall\u2019assicurazione casco totale.     <\/p>\n<p>\u00c8 vietato cucinare o scaldare cibi a bordo dell\u2019imbarcazione.<\/p>\n<p>Sono vietate tutte le sostanze esplosive o infiammabili. Questo divieto comprende anche le candele. Su tutto l\u2019oggetto a noleggio vige il divieto assoluto di fumare.  <\/p>\n<p>\u00c8 vietato portare animali a bordo.<\/p>\n<\/div><div class=\"fusion-text fusion-text-8\"><h4>7 Rischi per la salute<\/h4>\n<p>L\u2019utilizzo dell\u2019imbarcazione comporta dei rischi. La clientela prende atto che, dopo la sauna, deve prima raffreddarsi con acqua fredda prima di entrare nel lago. Il locatore richiama l\u2019attenzione sul fatto che bisogna utilizzare la scaletta da bagno e che non \u00e8 mai consentito tuffarsi direttamente in acqua. Dopo il raffreddamento, si raccomanda una pausa di riposo di 15 minuti. <\/p>\n<p>L\u2019uso della sauna \u00e8 consentito solo con un asciugamano di dimensioni adeguate. La porta della stufa deve rimanere chiusa, salvo al momento di aggiungere la legna. Il locatore sconsiglia l\u2019uso dell\u2019imbarcazione a persone con problemi cardiaci o circolatori. \u00c8 vietato avere rapporti sessuali sull\u2019imbarcazione.       <\/p>\n<p>\u00c8 severamente vietato salire sul tetto.<\/p>\n<p>\u00c8 assolutamente vietato fare il bagno mentre il motore \u00e8 in funzione.<\/p>\n<p>Il locatore non si assume alcuna responsabilit\u00e0 per ustioni, annegamenti, cadute, scivolamenti, ferite o eventuali infezioni.<\/p>\n<\/div><div class=\"fusion-text fusion-text-9\"><h4>8 Obblighi in caso di incidente<\/h4>\n<p>In conformit\u00e0 all\u2019art. 12 dell\u2019Ordinanza sulla Navigazione Interna (RS 747.201.1), la clientela deve raccogliere nomi e indirizzi delle persone coinvolte e degli eventuali testimoni; tutte le persone coinvolte devono restare a disposizione. Il\/la conducente deve prestare immediatamente aiuto a persone o imbarcazioni in pericolo, compatibilmente con la sicurezza della propria imbarcazione.<\/p>\n<p>Se ci sono persone ferite, decedute o disperse, bisogna chiamare immediatamente la polizia. Il locatore deve essere informato senza indugio. Accordi presi con terzi o con altri coinvolti non vincolano il locatore.<\/p>\n<\/div><div class=\"fusion-text fusion-text-10\"><h4>9 Assicurazione di responsabilit\u00e0 civile e casso totale<\/h4>\n<p>In caso di danno, la clientela deve versare al locatore un importo minimo di CHF 300.\u2013 come franchigia e risarcimento. Il locatore non si assume nessuna responsabilit\u00e0 per danni materiali o personali. La clientela e i suoi ospiti sono personalmente responsabili della propria assicurazione infortuni e protezione individuale.<\/p>\n<\/div><div class=\"fusion-text fusion-text-11\"><h4>10 Danni all&#8217;imbarcazione a noleggio<\/h4>\n<p>In caso di danni all\u2019oggetto a noleggio, la clientela risponde con almeno CHF 300.\u2013 (deposito). Rimane inoltre personalmente responsabile per tutti i danni non coperti dall\u2019assicurazione casco totale.<\/p>\n<\/div><div class=\"fusion-text fusion-text-12\"><h4>11 Perdita di oggetti mobili<\/h4>\n<p>In caso di perdita di oggetti di propriet\u00e0 del locatore (chiavi, secchiello, ecc.), la clientela \u00e8 responsabile di un risarcimento minimo di CHF 300.\u2013 (deposito). Rimane inoltre responsabile per tutti i danni non coperti dall\u2019assicurazione (cfr. cifra 10). <\/p>\n<p>Il locatore non si assume responsabilit\u00e0 per oggetti persi dalla clientela.<\/p>\n<\/div><div class=\"fusion-text fusion-text-13\"><h4>12 Riparazioni<\/h4>\n<p>La clientela \u00e8 tenuta a controllare l\u2019oggetto a noleggio prima dell\u2019inizio della locazione. In mancanza di osservazioni, si considera che l\u2019imbarcazione \u00e8 stata consegnata pulita, in ordine e funzionante. Per danni verificatisi durante il noleggio risponde la clientela secondo le cifre 9 e 10.<\/p>\n<p>Le riparazioni necessarie devono essere eseguite da un\u2019officina designata dal locatore. Senza l\u2019autorizzazione del locatore non possono essere effettuate riparazioni o modifiche. Durante il periodo della riparazione, la clientela deve corrispondere al locatore l\u2019intera perdita di utilizzo.<\/p>\n<\/div><div class=\"fusion-text fusion-text-14\"><h4>13 Responsabilit\u00e0 del locatore<\/h4>\n<p>Se il difetto dell\u2019oggetto a noleggio non \u00e8 imputabile alla clientela, il locatore non risponde di danni o danni consequenziali.<\/p>\n<\/div><div class=\"fusion-text fusion-text-15\"><h4>14 Adempimento del contratto<\/h4>\n<p>Se l\u2019imbarcazione non pu\u00f2 essere resa operativa tra la conclusione del contratto e l\u2019inizio del noleggio, il locatore ha il diritto di recedere dal contratto. La clientela riceve il rimborso o un buono dello stesso valore per una nuova data.<\/p>\n<\/div><div class=\"fusion-text fusion-text-16\"><h4>15 Condizioni meteorologiche<\/h4>\n<p>In caso di previsioni incerte o di rischio di tempesta, il locatore pu\u00f2 autorizzare l\u2019uso della sauna solo mentre l\u2019imbarcazione \u00e8 ormeggiata al pontile, offrendo in tal caso una riduzione del 30% sul prezzo base (senza extra). Oppure la clientela pu\u00f2 rinunciare alla sua prenotazione e ricevere un buono di pari valore per una nuova data. <\/p>\n<p>L&#8217;avviso di vento forte (luce lampeggiante di colore arancione che si accende circa 40 volte al minuto) richiama l&#8217;attenzione sul pericolo dei venti (vedi Art. 40 Par. 1 dell&#8217;Ordinanza sulla Navigazione Interna (SR 747.201.1). Il noleggiatore o lo skipper devono restituire l&#8217;oggetto del noleggio nel luogo in cui \u00e8 iniziato il noleggio.   <\/p>\n<p>L&#8217;avviso di tempesta (luce lampeggiante di colore arancione che si accende circa 90 volte al minuto) richiama l&#8217;attenzione sul pericolo di venti forti (vedi art. 40 comma 2 dell&#8217;Ordinanza sulla navigazione interna (SR 747.201.1). In caso di avviso di tempesta, il noleggiatore o lo skipper \u00e8 tenuto a rientrare immediatamente nel porto pi\u00f9 vicino.<\/p>\n<\/div><div class=\"fusion-text fusion-text-17\"><h4>16 Comportamento in lago<\/h4>\n<p>Le norme di comportamento seguono l\u2019Ordinanza sulla Navigazione Interna (RS 747.201.1). <br \/>In particolare: <\/p>\n<ul>\n<li>Evitare rumori eccessivi nel porto e vicino alla riva.<\/li>\n<li>Le imbarcazioni di linea hanno sempre la precedenza; mantenere almeno 50 metri di distanza. <\/li>\n<li>I natanti a motore possono navigare nella zona rivierasca interna (da 0 a 150 metri) esclusivamente per approdare, partire o attraversare passaggi stretti; a tal fine devono seguire la via pi\u00f9 breve. Di regola, ci\u00f2 significa procedere in modo perpendicolare alla riva. Di regola, ci\u00f2 significa procedere in modo perpendicolare alla riva. La navigazione parallela alla riva \u00e8 vietata. La navigazione parallela \u00e8 consentita solo a partire dalla zona rivierasca esterna (da 150 a 300 metri). Anche durante lo stazionamento e l&#8217;uso della sauna deve essere mantenuta una distanza di 150 metri dalla riva. Per motivi legati all&#8217;inquinamento acustico, si deve evitare l&#8217;uso della sauna in prossimit\u00e0 dei residenti.<\/li>\n<li>Quando l&#8217;imbarcazione \u00e8 ferma, una persona deve rimanere sempre a bordo ed essere pronta a manovrare.<\/li>\n<li>\u00c8 vietato avvicinarsi ad altre barche o ormeggiarsi ad esse. Assicurarsi di mantenere la distanza prescritta dagli altri natanti per evitare danni o pericoli.<\/li>\n<li>Ormeggio e disormeggio sono consentiti esclusivamente nel porto del noleggio. <\/li>\n<li>Ogni violazione comporta una multa di CHF 500.\u2013.<\/li>\n<\/ul>\n<\/div><div class=\"fusion-text fusion-text-18\"><h4>17 Protezione dei dati<\/h4>\n<p>Con la conclusione del contratto, la clientela accetta il trattamento dei propri dati personali, incluso lo scambio di informazioni tra Sauna Boat Lugano (Boatcenter Lugano) e terzi in relazione al noleggio. Ci\u00f2 vale anche per piattaforme di prenotazione e terzi che garantiscono la gestione del servizio. I dati personali sono raccolti, trattati e utilizzati solo nella misura necessaria per la gestione del rapporto giuridico.<\/p>\n<p>La clientela riconosce inoltre che l\u2019imbarcazione \u00e8 dotata di un sistema di tracciamento a fini di sicurezza e che Sauna Boat Lugano (Boatcenter Lugano) pu\u00f2 verificare la posizione del mezzo.<\/p>\n<p>Gli inquilini prendono atto che visitando il sito web saunaboat-lugano.ch i dati possono essere raccolti dal sistema informatico. Si tratta di norma di dati tecnici che vengono raccolti automaticamente, in particolare quando si visita il sito web. I dati sono ospitati da un fornitore di servizi esterno, per cui tutti i dati possono essere memorizzati sui server dell&#8217;host o di terzi. \u00c8 garantito il trattamento conforme alla normativa sulla protezione dei dati. Ci\u00f2 vale in particolare per i dati di pagamento, i dati del modulo di contatto o della newsletter, i dati della registrazione al sito web, le informazioni della funzione di commento, ecc. I dati dei servizi di analisi web (Google, Facebook, MailChimp, YouTube, ecc.) vengono elaborati e memorizzati in conformit\u00e0 con la normativa sulla protezione dei dati.    <\/p>\n<p>La clientela \u00e8 informata che la trasmissione di dati via Internet pu\u00f2 presentare rischi di sicurezza. Sauna Boat Lugano (Boatcenter Lugano), compresa Saunaboot GmbH, declina ogni responsabilit\u00e0.<\/p>\n<p>Per il resto si rimanda alla dichiarazione sulla protezione dei dati disponibile online. <a href=\"https:\/\/saunaboat-lugano.ch\/it\/informativa-sulla-privacy\/\">https:\/\/saunaboat-lugano.ch\/en\/privacy-policy\/<\/a><\/p>\n<\/div><div class=\"fusion-text fusion-text-19\"><h4>18 Disposizioni supplementari<\/h4>\n<p>I locatari confermano di aver letto e compreso il contenuto del contratto. Confermano inoltre di aver ricevuto, a tale scopo, una traduzione del presente contratto in lingua italiano.<br \/>In caso di controversie derivanti dal presente contratto, fa fede la versione tedesca del contratto.<br \/>Il Codice delle obbligazioni svizzero si applica in complemento alle presenti disposizioni.<\/p>\n<h4>19 Foro competente<\/h4>\n<p>Per eventuali controversie derivanti dal presente contratto, il foro esclusivo \u00e8 Horw.<\/p>\n<p>Horw, Gennaio 2026<\/p>\n<\/div><\/div><\/div><div class=\"fusion-layout-column fusion_builder_column fusion-builder-column-2 fusion_builder_column_1_5 1_5 fusion-flex-column\" style=\"--awb-bg-size:cover;--awb-width-large:20%;--awb-margin-top-large:0px;--awb-spacing-right-large:9.6%;--awb-margin-bottom-large:0px;--awb-spacing-left-large:9.6%;--awb-width-medium:20%;--awb-order-medium:0;--awb-spacing-right-medium:9.6%;--awb-spacing-left-medium:9.6%;--awb-width-small:100%;--awb-order-small:0;--awb-spacing-right-small:1.92%;--awb-spacing-left-small:1.92%;\"><div class=\"fusion-column-wrapper fusion-column-has-shadow fusion-flex-justify-content-flex-start fusion-content-layout-column\"><\/div><\/div><\/div><\/div>\n","protected":false},"excerpt":{"rendered":"","protected":false},"author":1,"featured_media":0,"parent":0,"menu_order":0,"comment_status":"closed","ping_status":"closed","template":"100-width.php","meta":{"_acf_changed":false,"footnotes":""},"class_list":["post-9083","page","type-page","status-publish","hentry"],"acf":[],"yoast_head":"<!-- This site is optimized with the Yoast SEO plugin v27.4 - https:\/\/yoast.com\/product\/yoast-seo-wordpress\/ -->\n<title>GTC - Saunaboat Lugano<\/title>\n<meta name=\"robots\" content=\"noindex, follow, max-snippet:-1, max-image-preview:large, max-video-preview:-1\" \/>\n<meta property=\"og:locale\" content=\"it_IT\" \/>\n<meta property=\"og:type\" content=\"article\" \/>\n<meta property=\"og:title\" content=\"GTC - Saunaboat Lugano\" \/>\n<meta property=\"og:url\" content=\"https:\/\/saunaboat-lugano.ch\/it\/gtc\/\" \/>\n<meta property=\"og:site_name\" content=\"Saunaboat Lugano\" \/>\n<meta property=\"article:modified_time\" content=\"2026-02-23T09:54:16+00:00\" \/>\n<meta name=\"twitter:card\" content=\"summary_large_image\" \/>\n<meta name=\"twitter:label1\" content=\"Tempo di lettura stimato\" \/>\n\t<meta name=\"twitter:data1\" content=\"34 minuti\" \/>\n<script type=\"application\/ld+json\" class=\"yoast-schema-graph\">{\"@context\":\"https:\\\/\\\/schema.org\",\"@graph\":[{\"@type\":\"WebPage\",\"@id\":\"https:\\\/\\\/saunaboat-lugano.ch\\\/it\\\/gtc\\\/\",\"url\":\"https:\\\/\\\/saunaboat-lugano.ch\\\/it\\\/gtc\\\/\",\"name\":\"GTC - Saunaboat Lugano\",\"isPartOf\":{\"@id\":\"https:\\\/\\\/saunaboat-lugano.ch\\\/it\\\/#website\"},\"datePublished\":\"2025-01-02T17:52:59+00:00\",\"dateModified\":\"2026-02-23T09:54:16+00:00\",\"breadcrumb\":{\"@id\":\"https:\\\/\\\/saunaboat-lugano.ch\\\/it\\\/gtc\\\/#breadcrumb\"},\"inLanguage\":\"it-IT\",\"potentialAction\":[{\"@type\":\"ReadAction\",\"target\":[\"https:\\\/\\\/saunaboat-lugano.ch\\\/it\\\/gtc\\\/\"]}]},{\"@type\":\"BreadcrumbList\",\"@id\":\"https:\\\/\\\/saunaboat-lugano.ch\\\/it\\\/gtc\\\/#breadcrumb\",\"itemListElement\":[{\"@type\":\"ListItem\",\"position\":1,\"name\":\"Startseite\",\"item\":\"https:\\\/\\\/saunaboat-lugano.ch\\\/it\\\/coming-soon\\\/\"},{\"@type\":\"ListItem\",\"position\":2,\"name\":\"GTC\"}]},{\"@type\":\"WebSite\",\"@id\":\"https:\\\/\\\/saunaboat-lugano.ch\\\/it\\\/#website\",\"url\":\"https:\\\/\\\/saunaboat-lugano.ch\\\/it\\\/\",\"name\":\"Saunaboat Lugano\",\"description\":\"Saunaboat sul Lago di Lugano\",\"publisher\":{\"@id\":\"https:\\\/\\\/saunaboat-lugano.ch\\\/it\\\/#organization\"},\"potentialAction\":[{\"@type\":\"SearchAction\",\"target\":{\"@type\":\"EntryPoint\",\"urlTemplate\":\"https:\\\/\\\/saunaboat-lugano.ch\\\/it\\\/?s={search_term_string}\"},\"query-input\":{\"@type\":\"PropertyValueSpecification\",\"valueRequired\":true,\"valueName\":\"search_term_string\"}}],\"inLanguage\":\"it-IT\"},{\"@type\":\"Organization\",\"@id\":\"https:\\\/\\\/saunaboat-lugano.ch\\\/it\\\/#organization\",\"name\":\"Saunaboat Lugano\",\"url\":\"https:\\\/\\\/saunaboat-lugano.ch\\\/it\\\/\",\"logo\":{\"@type\":\"ImageObject\",\"inLanguage\":\"it-IT\",\"@id\":\"https:\\\/\\\/saunaboat-lugano.ch\\\/it\\\/#\\\/schema\\\/logo\\\/image\\\/\",\"url\":\"https:\\\/\\\/saunaboat-lugano.ch\\\/wp-content\\\/uploads\\\/sites\\\/5\\\/2025\\\/10\\\/SaunaBoatGeneve-Logo-Blue.svg\",\"contentUrl\":\"https:\\\/\\\/saunaboat-lugano.ch\\\/wp-content\\\/uploads\\\/sites\\\/5\\\/2025\\\/10\\\/SaunaBoatGeneve-Logo-Blue.svg\",\"width\":341,\"height\":305,\"caption\":\"Saunaboat Lugano\"},\"image\":{\"@id\":\"https:\\\/\\\/saunaboat-lugano.ch\\\/it\\\/#\\\/schema\\\/logo\\\/image\\\/\"},\"sameAs\":[\"https:\\\/\\\/www.instagram.com\\\/saunaboatgeneve\\\/\"]}]}<\/script>\n<!-- \/ Yoast SEO plugin. -->","yoast_head_json":{"title":"GTC - Saunaboat Lugano","robots":{"index":"noindex","follow":"follow","max-snippet":"max-snippet:-1","max-image-preview":"max-image-preview:large","max-video-preview":"max-video-preview:-1"},"og_locale":"it_IT","og_type":"article","og_title":"GTC - Saunaboat Lugano","og_url":"https:\/\/saunaboat-lugano.ch\/it\/gtc\/","og_site_name":"Saunaboat Lugano","article_modified_time":"2026-02-23T09:54:16+00:00","twitter_card":"summary_large_image","twitter_misc":{"Tempo di lettura stimato":"34 minuti"},"schema":{"@context":"https:\/\/schema.org","@graph":[{"@type":"WebPage","@id":"https:\/\/saunaboat-lugano.ch\/it\/gtc\/","url":"https:\/\/saunaboat-lugano.ch\/it\/gtc\/","name":"GTC - Saunaboat Lugano","isPartOf":{"@id":"https:\/\/saunaboat-lugano.ch\/it\/#website"},"datePublished":"2025-01-02T17:52:59+00:00","dateModified":"2026-02-23T09:54:16+00:00","breadcrumb":{"@id":"https:\/\/saunaboat-lugano.ch\/it\/gtc\/#breadcrumb"},"inLanguage":"it-IT","potentialAction":[{"@type":"ReadAction","target":["https:\/\/saunaboat-lugano.ch\/it\/gtc\/"]}]},{"@type":"BreadcrumbList","@id":"https:\/\/saunaboat-lugano.ch\/it\/gtc\/#breadcrumb","itemListElement":[{"@type":"ListItem","position":1,"name":"Startseite","item":"https:\/\/saunaboat-lugano.ch\/it\/coming-soon\/"},{"@type":"ListItem","position":2,"name":"GTC"}]},{"@type":"WebSite","@id":"https:\/\/saunaboat-lugano.ch\/it\/#website","url":"https:\/\/saunaboat-lugano.ch\/it\/","name":"Saunaboat Lugano","description":"Saunaboat sul Lago di Lugano","publisher":{"@id":"https:\/\/saunaboat-lugano.ch\/it\/#organization"},"potentialAction":[{"@type":"SearchAction","target":{"@type":"EntryPoint","urlTemplate":"https:\/\/saunaboat-lugano.ch\/it\/?s={search_term_string}"},"query-input":{"@type":"PropertyValueSpecification","valueRequired":true,"valueName":"search_term_string"}}],"inLanguage":"it-IT"},{"@type":"Organization","@id":"https:\/\/saunaboat-lugano.ch\/it\/#organization","name":"Saunaboat Lugano","url":"https:\/\/saunaboat-lugano.ch\/it\/","logo":{"@type":"ImageObject","inLanguage":"it-IT","@id":"https:\/\/saunaboat-lugano.ch\/it\/#\/schema\/logo\/image\/","url":"https:\/\/saunaboat-lugano.ch\/wp-content\/uploads\/sites\/5\/2025\/10\/SaunaBoatGeneve-Logo-Blue.svg","contentUrl":"https:\/\/saunaboat-lugano.ch\/wp-content\/uploads\/sites\/5\/2025\/10\/SaunaBoatGeneve-Logo-Blue.svg","width":341,"height":305,"caption":"Saunaboat Lugano"},"image":{"@id":"https:\/\/saunaboat-lugano.ch\/it\/#\/schema\/logo\/image\/"},"sameAs":["https:\/\/www.instagram.com\/saunaboatgeneve\/"]}]}},"_links":{"self":[{"href":"https:\/\/saunaboat-lugano.ch\/it\/wp-json\/wp\/v2\/pages\/9083","targetHints":{"allow":["GET"]}}],"collection":[{"href":"https:\/\/saunaboat-lugano.ch\/it\/wp-json\/wp\/v2\/pages"}],"about":[{"href":"https:\/\/saunaboat-lugano.ch\/it\/wp-json\/wp\/v2\/types\/page"}],"author":[{"embeddable":true,"href":"https:\/\/saunaboat-lugano.ch\/it\/wp-json\/wp\/v2\/users\/1"}],"replies":[{"embeddable":true,"href":"https:\/\/saunaboat-lugano.ch\/it\/wp-json\/wp\/v2\/comments?post=9083"}],"version-history":[{"count":10,"href":"https:\/\/saunaboat-lugano.ch\/it\/wp-json\/wp\/v2\/pages\/9083\/revisions"}],"predecessor-version":[{"id":10715,"href":"https:\/\/saunaboat-lugano.ch\/it\/wp-json\/wp\/v2\/pages\/9083\/revisions\/10715"}],"wp:attachment":[{"href":"https:\/\/saunaboat-lugano.ch\/it\/wp-json\/wp\/v2\/media?parent=9083"}],"curies":[{"name":"wp","href":"https:\/\/api.w.org\/{rel}","templated":true}]}}